{"id":782,"date":"2021-05-07T16:48:19","date_gmt":"2021-05-07T14:48:19","guid":{"rendered":"https:\/\/polgard.com\/?page_id=782"},"modified":"2021-07-01T13:26:39","modified_gmt":"2021-07-01T11:26:39","slug":"homepage","status":"publish","type":"page","link":"https:\/\/polgard.com\/en\/","title":{"rendered":"Homepage"},"content":{"rendered":"<div class=\"section dark\">\r\n    <div class=\"partial center-h center-v video-block block\"  id=\"#start\">\r\n        <video data-autoplay autoplay loop muted poster=\"\">\r\n            <source src=\"https:\/\/polgard.com\/wp-content\/uploads\/2020\/07\/bg-4.webm\" type=\"video\/mp4\">\r\n        <\/video>       \r\n        <div class=\"video-hero flex\">\r\n        <h1>\r\n                <\/h1>\r\n        <p>\r\n        Polgard has installed over 3500 systems since being founded in 1990.<br>Years of experience in the industry allow us to meet the requirements of the most demanding clients, making us the industry leader.        <\/p>\r\n        <a href=\"#systems\"><button class=\"button\">Our products<\/button><\/a>\r\n        <\/div>\r\n    <\/div>\r\n<\/div>\r\n\n\n\r\n<div class=\"section\r\n    dark\"\r\n    >\r\n    <div class=\"partial section-block block\" style=\"background:\r\n            linear-gradient(90deg, rgba(0,0,0,0.75) 30%, rgba(0,0,0,0) 80%),     url('https:\/\/polgard.com\/wp-content\/uploads\/2020\/08\/633189140-huge-002-scaled.jpg);\" id=\"#systems\">\r\n        <div class=\"section-container flex wrapper center-v\">\r\n            <div class=\"flex column\">\r\n                 <div class=\"flex section-text column\">\r\n                    <h1>Systems<\/h1>\r\n                    <p>Our systems respond to the user&#8217;s needs, characterized by a high possibility of personalization and adaptation to individual conditions. As a result, they have been successfully implemented in several hundred facilities and over 2,500 vehicles<\/p>\r\n                <\/div>\r\n                <button\r\n                class=\"textbox-button button\r\n                \"\r\n                onclick=\"openDetails('Systems')\"\r\n                >\r\n                See all systems                <!-- <a href=\"\" ><\/a> -->\r\n                <\/button>\r\n            <\/div>\r\n            <!-- tu ew wstawimy obrazek z prawej -->\r\n        <\/div>\r\n    <\/div>\r\n<\/div>\r\n\n\n\r\n<div class=\"section\r\n    \"\r\n    >\r\n    <div class=\"partial section-block block\" style=\"background:\r\n            linear-gradient(90deg, rgba(255,255,255,0.8) 45%, rgba(255,255,255,0) 75%),     url('https:\/\/polgard.com\/wp-content\/uploads\/2019\/11\/Fotolia_80080989_M.jpg);\" id=\"#software\">\r\n        <div class=\"section-container flex wrapper center-v\">\r\n            <div class=\"flex column\">\r\n                 <div class=\"flex section-text column\">\r\n                    <h1>Software<\/h1>\r\n                    <p><\/p>\r\n                <\/div>\r\n                <button\r\n                class=\"textbox-button button\r\n                \"\r\n                onclick=\"openDetails('Software')\"\r\n                >\r\n                See all software                <!-- <a href=\"\" ><\/a> -->\r\n                <\/button>\r\n            <\/div>\r\n            <!-- tu ew wstawimy obrazek z prawej -->\r\n        <\/div>\r\n    <\/div>\r\n<\/div>\r\n\n\n\r\n<div class=\"section\r\n    dark\"\r\n    >\r\n    <div class=\"partial section-block block\" style=\"background:\r\n            linear-gradient(90deg, rgba(0,0,0,0.75) 30%, rgba(0,0,0,0) 80%),     url('https:\/\/polgard.com\/wp-content\/uploads\/2020\/08\/shutterstock_1717870387-scaled.jpg);\" id=\"#hardware\">\r\n        <div class=\"section-container flex wrapper center-v\">\r\n            <div class=\"flex column\">\r\n                 <div class=\"flex section-text column\">\r\n                    <h1>Hardware<\/h1>\r\n                    <p><\/p>\r\n                <\/div>\r\n                <button\r\n                class=\"textbox-button button\r\n                \"\r\n                onclick=\"openDetails('Hardware')\"\r\n                >\r\n                See all hardware                <!-- <a href=\"\" ><\/a> -->\r\n                <\/button>\r\n            <\/div>\r\n            <!-- tu ew wstawimy obrazek z prawej -->\r\n        <\/div>\r\n    <\/div>\r\n<\/div>\r\n\n\n\r\n<div class=\"section\r\n    dark\"\r\n    >\r\n    <div class=\"partial section-block block\" style=\"background:\r\n            linear-gradient(90deg, rgba(0,0,0,0.75) 30%, rgba(0,0,0,0) 80%),     url('https:\/\/polgard.com\/wp-content\/uploads\/2020\/02\/pociag-do-przerobienia-scaled.jpg);\" id=\"#about\">\r\n        <div class=\"section-container flex wrapper center-v\">\r\n            <div class=\"flex column\">\r\n                 <div class=\"flex section-text column\">\r\n                    <h1>About<\/h1>\r\n                    <p><\/p>\r\n                <\/div>\r\n                <button\r\n                class=\"textbox-button button\r\n                \"\r\n                onclick=\"openDetails('About')\"\r\n                >\r\n                Learn more                <!-- <a href=\"\" ><\/a> -->\r\n                <\/button>\r\n            <\/div>\r\n            <!-- tu ew wstawimy obrazek z prawej -->\r\n        <\/div>\r\n    <\/div>\r\n<\/div>\r\n\n\n\n<div class=\"wp-block-uagb-section uagb-section__wrap uagb-section__background-undefined uagb-block-d736f4ca section\"><div class=\"uagb-section__overlay\"><\/div><div class=\"uagb-section__inner-wrap\">\n<div class=\"wp-block-uagb-section uagb-section__wrap uagb-section__background-undefined uagb-block-2104e87a section-container flex wrapper center-v animated fadeIn\"><div class=\"uagb-section__overlay\"><\/div><div class=\"uagb-section__inner-wrap\">\n<h2 class=\"has-text-align-center\">Testimonials<\/h2>\n\n\n\n<div style=\"height:50px\" aria-hidden=\"true\" class=\"wp-block-spacer\"><\/div>\n\n\n\n<div class=\"wp-block-uagb-testimonial uagb-testomonial__outer-wrap uagb-slick-carousel uagb-tm__arrow-outside uagb-block-aadc34f1\"><div class=\"is-carousel uagb-tm__columns-1 uagb-tm__items\"><div class=\"uagb-testimonial__wrap  uagb-tm__imgicon-style-circle uagb-tm__image-position-bottom uagb-tm__bg-type-undefined \"><div class=\"uagb-tm__content\"><div class=\"uagb-tm__overlay\"><\/div><div class=\"uagb-tm__text-wrap\"><div class=\"uagb-testinomial-text-wrap\"><div class=\"uagb-tm__desc\">Firm\u0119 (POLGARD) charakteryzuje du\u017cy profesjonalizm i fachowo\u015b\u0107, a tak\u017ce rzetelno\u015b\u0107 w zakresie wyboru najlepszych rozwi\u0105za\u0144. <\/div><\/div><div class=\"uagb-tm__meta\"><div class=\"uagb-tm__meta-inner\"><div class=\"uagb-testimonial-details\"><span class=\"uagb-tm__author-name\"> <br>Solaris Bus&amp;Coach S.A. <br><\/span><span class=\"uagb-tm__company\"><\/span><\/div><\/div><\/div><\/div><\/div><\/div><div class=\"uagb-testimonial__wrap  uagb-tm__imgicon-style-circle uagb-tm__image-position-bottom uagb-tm__bg-type-undefined \"><div class=\"uagb-tm__content\"><div class=\"uagb-tm__overlay\"><\/div><div class=\"uagb-tm__text-wrap\"><div class=\"uagb-testinomial-text-wrap\"><div class=\"uagb-tm__desc\">&#8220;Dostawy oraz instalacje zosta\u0142y zrealizowane zgodnie z zam\u00f3wieniem, terminowo oraz z nale\u017cyt\u0105 staranno\u015bci\u0105. Us\u0142ugi firmy Polgard spe\u0142ni\u0142y nasze oczekiwania i z przyjemno\u015bci\u0105 mo\u017cemy poleci\u0107 j\u0105 innym zainteresowanym.&#8221;<\/div><\/div><div class=\"uagb-tm__meta\"><div class=\"uagb-tm__meta-inner\"><div class=\"uagb-testimonial-details\"><span class=\"uagb-tm__author-name\"><br> <br> PESA Bydgoszcz SA   <\/span><span class=\"uagb-tm__company\"><\/span><\/div><\/div><\/div><\/div><\/div><\/div><div class=\"uagb-testimonial__wrap  uagb-tm__imgicon-style-circle uagb-tm__image-position-bottom uagb-tm__bg-type-undefined \"><div class=\"uagb-tm__content\"><div class=\"uagb-tm__overlay\"><\/div><div class=\"uagb-tm__text-wrap\"><div class=\"uagb-testinomial-text-wrap\"><div class=\"uagb-tm__desc\">&#8220;Systemy monitoringu wizyjnego zosta\u0142y wykonane przez firm\u0119 Polgard S.C. z nale\u017cyt\u0105 staranno\u015bci\u0105 i w okre\u015blonym terminie, st\u0105d mo\u017cemy poleci\u0107 j\u0105 jako rzetelnego partnera.&#8221;<\/div><\/div><div class=\"uagb-tm__meta\"><div class=\"uagb-tm__meta-inner\"><div class=\"uagb-testimonial-details\"><span class=\"uagb-tm__author-name\"><br> SKM (Szybka Kolej Miejska Sp. z o.o.) <\/span><span class=\"uagb-tm__company\"><\/span><\/div><\/div><\/div><\/div><\/div><\/div><\/div><\/div>\n\n\n\n<p>      <\/p>\n<\/div><\/div>\n<\/div><\/div>\n\n\n\n<div class=\"wp-block-uagb-section uagb-section__wrap uagb-section__background-undefined uagb-block-f22d09f2 section\"><div class=\"uagb-section__overlay\"><\/div><div class=\"uagb-section__inner-wrap\">\n<div class=\"wp-block-columns section-container flex wrapper center-v animated fadeIn\">\n<div class=\"wp-block-column is-vertically-aligned-center\" style=\"flex-basis:50%\">\n<iframe loading=\"lazy\" src=\"https:\/\/www.google.com\/maps\/embed?pb=!1m14!1m8!1m3!1d156296.03210674538!2d20.834132!3d52.259266!3m2!1i1024!2i768!4f13.1!3m3!1m2!1s0x471eb571d5ff30f9%3A0xe602444bdd152b1c!2sSienkiewicza%20105%2C%2005-082%20Stare%20Babice!5e0!3m2!1sen!2spl!4v1588217723877!5m2!1sen!2spl\" style=\"border:0;\" allowfullscreen=\"\" aria-hidden=\"false\" tabindex=\"0\" width=\"600\" height=\"600\" frameborder=\"0\"><\/iframe>\n<\/div>\n\n\n\n<div class=\"wp-block-column is-vertically-aligned-center\" style=\"flex-basis:50%\">\n<h3>Siedziba firmy<\/h3>\n\n\n\n<p>ul. Sienkiewicza 105<br>05-082 Stare Babice<br>k. Warszawy<\/p>\n\n\n\n<h3>Czynne w godzinach<\/h3>\n\n\n\n<p>8:00 &#8211; 16:00<\/p>\n\n\n\n<h3>E-mail<\/h3>\n\n\n\n<p><a href=\"mailto:biuro@polgard.com\">biuro@polgard.com<\/a><\/p>\n\n\n\n<h3>Telefony stacjonarne<\/h3>\n\n\n\n<p>Sekretariat:<br>0048 22 862 33 42<\/p>\n\n\n\n<p>Dzia\u0142 obs\u0142ugi klienta:<br>0048 22 862 33 43<\/p>\n\n\n\n<p>Fax:<br>0048 22 862 33 44<\/p>\n\n\n\n<h3>Telefony kom\u00f3rkowe<\/h3>\n\n\n\n<p>Dzia\u0142 handlowy ds. pojazd\u00f3w szynowych:+48 508 092 880<\/p>\n\n\n\n<p>Dzia\u0142 handlowy ds. komunikacji miejskiej:+48 501 398&nbsp;698\n\n<\/p>\n<\/div>\n<\/div>\n<\/div><\/div>\n\n\n\n<p><\/p>","protected":false},"excerpt":{"rendered":"","protected":false},"author":1,"featured_media":0,"parent":0,"menu_order":4,"comment_status":"closed","ping_status":"closed","template":"","meta":[],"uagb_featured_image_src":{"full":false,"thumbnail":false,"medium":false,"medium_large":false,"large":false,"1536x1536":false,"2048x2048":false},"uagb_author_info":{"display_name":"polgard_admin","author_link":"https:\/\/polgard.com\/en\/author\/polgard_admin\/"},"uagb_comment_info":0,"uagb_excerpt":null,"_links":{"self":[{"href":"https:\/\/polgard.com\/en\/wp-json\/wp\/v2\/pages\/782"}],"collection":[{"href":"https:\/\/polgard.com\/en\/wp-json\/wp\/v2\/pages"}],"about":[{"href":"https:\/\/polgard.com\/en\/wp-json\/wp\/v2\/types\/page"}],"author":[{"embeddable":true,"href":"https:\/\/polgard.com\/en\/wp-json\/wp\/v2\/users\/1"}],"replies":[{"embeddable":true,"href":"https:\/\/polgard.com\/en\/wp-json\/wp\/v2\/comments?post=782"}],"version-history":[{"count":20,"href":"https:\/\/polgard.com\/en\/wp-json\/wp\/v2\/pages\/782\/revisions"}],"predecessor-version":[{"id":899,"href":"https:\/\/polgard.com\/en\/wp-json\/wp\/v2\/pages\/782\/revisions\/899"}],"wp:attachment":[{"href":"https:\/\/polgard.com\/en\/wp-json\/wp\/v2\/media?parent=782"}],"curies":[{"name":"wp","href":"https:\/\/api.w.org\/{rel}","templated":true}]}}